{"id":950,"date":"2023-05-25T19:58:27","date_gmt":"2023-05-25T19:58:27","guid":{"rendered":"https:\/\/wfproduitsnaturels.com\/?post_type=product&#038;p=950"},"modified":"2025-07-01T15:10:35","modified_gmt":"2025-07-01T15:10:35","slug":"pour-la-peau-apres-rasage-epilation-et-hidratant-pour-la-peau-sensible","status":"publish","type":"product","link":"https:\/\/wfproduitsnaturels.com\/pt\/product\/pour-la-peau-apres-rasage-epilation-et-hidratant-pour-la-peau-sensible\/","title":{"rendered":"Gel Hydratant pour le Corps"},"content":{"rendered":"<p>Este b\u00e1lsamo \u00e9 recomendado para todo o corpo com pele sens\u00edvel, coceira al\u00e9rgica, ap\u00f3s a depila\u00e7\u00e3o ou barbear. Proporciona uma sensa\u00e7\u00e3o refrescante e calmante. 120ml.<\/p>\n<p>Sob encomenda WhatsApp +352 621 655 882<\/p>","protected":false},"excerpt":{"rendered":"<p>Composto por gel de Aloe Vera, \u00f3leos vegetais de Cal\u00eandula e G\u00e9rmen de Trigo, \u00f3leos essenciais de Lavanda Fina e Menta.<\/p>\n<p>Sob encomenda WhatsApp +352 621 655 882<\/p>","protected":false},"featured_media":998,"comment_status":"open","ping_status":"closed","template":"","meta":{"_monsterinsights_skip_tracking":false,"_monsterinsights_sitenote_active":false,"_monsterinsights_sitenote_note":"","_monsterinsights_sitenote_category":0,"site-sidebar-layout":"default","site-content-layout":"default","ast-site-content-layout":"default","site-content-style":"default","site-sidebar-style":"default","ast-global-header-display":"","ast-banner-title-visibility":"","ast-main-header-display":"","ast-hfb-above-header-display":"","ast-hfb-below-header-display":"","ast-hfb-mobile-header-display":"","site-post-title":"","ast-breadcrumbs-content":"","ast-featured-img":"","footer-sml-layout":"","theme-transparent-header-meta":"default","adv-header-id-meta":"","stick-header-meta":"","header-above-stick-meta":"","header-main-stick-meta":"","header-below-stick-meta":"","astra-migrate-meta-layouts":"set","ast-page-background-enabled":"default","ast-page-background-meta":{"desktop":{"background-color":"var(--ast-global-color-4)","background-image":"","background-repeat":"repeat","background-position":"center center","background-size":"auto","background-attachment":"scroll","background-type":"","background-media":"","overlay-type":"","overlay-color":"","overlay-opacity":"","overlay-gradient":""},"tablet":{"background-color":"","background-image":"","background-repeat":"repeat","background-position":"center center","background-size":"auto","background-attachment":"scroll","background-type":"","background-media":"","overlay-type":"","overlay-color":"","overlay-opacity":"","overlay-gradient":""},"mobile":{"background-color":"","background-image":"","background-repeat":"repeat","background-position":"center center","background-size":"auto","background-attachment":"scroll","background-type":"","background-media":"","overlay-type":"","overlay-color":"","overlay-opacity":"","overlay-gradient":""}},"ast-content-background-meta":{"desktop":{"background-color":"var(--ast-global-color-5)","background-image":"","background-repeat":"repeat","background-position":"center center","background-size":"auto","background-attachment":"scroll","background-type":"","background-media":"","overlay-type":"","overlay-color":"","overlay-opacity":"","overlay-gradient":""},"tablet":{"background-color":"var(--ast-global-color-5)","background-image":"","background-repeat":"repeat","background-position":"center center","background-size":"auto","background-attachment":"scroll","background-type":"","background-media":"","overlay-type":"","overlay-color":"","overlay-opacity":"","overlay-gradient":""},"mobile":{"background-color":"var(--ast-global-color-5)","background-image":"","background-repeat":"repeat","background-position":"center center","background-size":"auto","background-attachment":"scroll","background-type":"","background-media":"","overlay-type":"","overlay-color":"","overlay-opacity":"","overlay-gradient":""}}},"product_brand":[],"product_cat":[29,22],"product_tag":[66,68,63,71,69,43,70],"class_list":{"0":"post-950","1":"product","2":"type-product","3":"status-publish","4":"has-post-thumbnail","6":"product_cat-baume-gel-avec-aloe-vera","7":"product_cat-peau","8":"product_tag-aloe-vera","9":"product_tag-apres-rasage","10":"product_tag-baume-gel","11":"product_tag-corp","12":"product_tag-hidratant","13":"product_tag-peau","14":"product_tag-peau-sensible","15":"desktop-align-center","16":"tablet-align-left","17":"mobile-align-left","19":"first","20":"onbackorder","21":"taxable","22":"shipping-taxable","23":"purchasable","24":"product-type-simple"},"_links":{"self":[{"href":"https:\/\/wfproduitsnaturels.com\/pt\/wp-json\/wp\/v2\/product\/950","targetHints":{"allow":["GET"]}}],"collection":[{"href":"https:\/\/wfproduitsnaturels.com\/pt\/wp-json\/wp\/v2\/product"}],"about":[{"href":"https:\/\/wfproduitsnaturels.com\/pt\/wp-json\/wp\/v2\/types\/product"}],"replies":[{"embeddable":true,"href":"https:\/\/wfproduitsnaturels.com\/pt\/wp-json\/wp\/v2\/comments?post=950"}],"wp:featuredmedia":[{"embeddable":true,"href":"https:\/\/wfproduitsnaturels.com\/pt\/wp-json\/wp\/v2\/media\/998"}],"wp:attachment":[{"href":"https:\/\/wfproduitsnaturels.com\/pt\/wp-json\/wp\/v2\/media?parent=950"}],"wp:term":[{"taxonomy":"product_brand","embeddable":true,"href":"https:\/\/wfproduitsnaturels.com\/pt\/wp-json\/wp\/v2\/product_brand?post=950"},{"taxonomy":"product_cat","embeddable":true,"href":"https:\/\/wfproduitsnaturels.com\/pt\/wp-json\/wp\/v2\/product_cat?post=950"},{"taxonomy":"product_tag","embeddable":true,"href":"https:\/\/wfproduitsnaturels.com\/pt\/wp-json\/wp\/v2\/product_tag?post=950"}],"curies":[{"name":"wp","href":"https:\/\/api.w.org\/{rel}","templated":true}]}}