{"id":1378,"date":"2024-10-15T14:08:49","date_gmt":"2024-10-15T14:08:49","guid":{"rendered":"https:\/\/wfproduitsnaturels.com\/?post_type=product&#038;p=1378"},"modified":"2025-09-24T04:25:15","modified_gmt":"2025-09-24T04:25:15","slug":"kit-pour-le-visage-peau-sensible","status":"publish","type":"product","link":"https:\/\/wfproduitsnaturels.com\/pt\/product\/kit-pour-le-visage-peau-sensible\/","title":{"rendered":"Kit pour le visage &#8211; Peau Sensible"},"content":{"rendered":"<p><span class=\"OYPEnA font-feature-liga-off font-feature-clig-off font-feature-calt-off text-decoration-none text-strikethrough-none\">\ud83c\udf3f Kit visage peau sensible \ud83c\udf3f<\/span><\/p>\n<p><span class=\"OYPEnA font-feature-liga-off font-feature-clig-off font-feature-calt-off text-decoration-none text-strikethrough-none\">Fait main, 100% naturel, hydrate et nettoie la peau sans l&rsquo;agresser, ce kit est id\u00e9al pour celles qui recherchent un nettoyage en profondeur et efficace. Laissant la peau douce, revitalis\u00e9e et purifie et \u00e9quilibre \u00e9galement la peau. Sans parab\u00e8nes ni sulfates, c&rsquo;est l&rsquo;alli\u00e9 id\u00e9al de celles qui ont des sensibilit\u00e9s et souhaitent une peau saine et renouvel\u00e9e.<\/span><\/p>\n<p>Sob encomenda WhatsApp +352 621 655 882<\/p>","protected":false},"excerpt":{"rendered":"<ul>\n<li>Cr\u00e8me neutre avec gel Aloe Vera, huile v\u00e9g\u00e9tale de Jojoba, huile essentielle de Lavande Fine et Vitamine E<\/li>\n<li>Synergie: huile v\u00e9g\u00e9tale de Jojoba, huile essentielle\u00a0de Lavande Fine et Vitamine E<\/li>\n<li>Savon Base Glyc\u00e9rine, huile essentielle de Lavande Fine et Argile Blanche<\/li>\n<li>Sob encomenda WhatsApp +352 621 655 882<\/li>\n<\/ul>","protected":false},"featured_media":1379,"comment_status":"open","ping_status":"closed","template":"","meta":{"_monsterinsights_skip_tracking":false,"_monsterinsights_sitenote_active":false,"_monsterinsights_sitenote_note":"","_monsterinsights_sitenote_category":0,"site-sidebar-layout":"default","site-content-layout":"default","ast-site-content-layout":"default","site-content-style":"default","site-sidebar-style":"default","ast-global-header-display":"","ast-banner-title-visibility":"","ast-main-header-display":"","ast-hfb-above-header-display":"","ast-hfb-below-header-display":"","ast-hfb-mobile-header-display":"","site-post-title":"","ast-breadcrumbs-content":"","ast-featured-img":"","footer-sml-layout":"","theme-transparent-header-meta":"default","adv-header-id-meta":"","stick-header-meta":"","header-above-stick-meta":"","header-main-stick-meta":"","header-below-stick-meta":"","astra-migrate-meta-layouts":"set","ast-page-background-enabled":"default","ast-page-background-meta":{"desktop":{"background-color":"var(--ast-global-color-4)","background-image":"","background-repeat":"repeat","background-position":"center center","background-size":"auto","background-attachment":"scroll","background-type":"","background-media":"","overlay-type":"","overlay-color":"","overlay-opacity":"","overlay-gradient":""},"tablet":{"background-color":"","background-image":"","background-repeat":"repeat","background-position":"center center","background-size":"auto","background-attachment":"scroll","background-type":"","background-media":"","overlay-type":"","overlay-color":"","overlay-opacity":"","overlay-gradient":""},"mobile":{"background-color":"","background-image":"","background-repeat":"repeat","background-position":"center center","background-size":"auto","background-attachment":"scroll","background-type":"","background-media":"","overlay-type":"","overlay-color":"","overlay-opacity":"","overlay-gradient":""}},"ast-content-background-meta":{"desktop":{"background-color":"var(--ast-global-color-5)","background-image":"","background-repeat":"repeat","background-position":"center center","background-size":"auto","background-attachment":"scroll","background-type":"","background-media":"","overlay-type":"","overlay-color":"","overlay-opacity":"","overlay-gradient":""},"tablet":{"background-color":"var(--ast-global-color-5)","background-image":"","background-repeat":"repeat","background-position":"center center","background-size":"auto","background-attachment":"scroll","background-type":"","background-media":"","overlay-type":"","overlay-color":"","overlay-opacity":"","overlay-gradient":""},"mobile":{"background-color":"var(--ast-global-color-5)","background-image":"","background-repeat":"repeat","background-position":"center center","background-size":"auto","background-attachment":"scroll","background-type":"","background-media":"","overlay-type":"","overlay-color":"","overlay-opacity":"","overlay-gradient":""}}},"product_brand":[],"product_cat":[22,28],"product_tag":[43,61,59],"class_list":{"0":"post-1378","1":"product","2":"type-product","3":"status-publish","4":"has-post-thumbnail","6":"product_cat-peau","7":"product_cat-savon-pour-le-visage","8":"product_tag-peau","9":"product_tag-savon","10":"product_tag-visage-acneique","11":"desktop-align-center","12":"tablet-align-left","13":"mobile-align-left","15":"first","16":"onbackorder","17":"taxable","18":"shipping-taxable","19":"purchasable","20":"product-type-simple"},"_links":{"self":[{"href":"https:\/\/wfproduitsnaturels.com\/pt\/wp-json\/wp\/v2\/product\/1378","targetHints":{"allow":["GET"]}}],"collection":[{"href":"https:\/\/wfproduitsnaturels.com\/pt\/wp-json\/wp\/v2\/product"}],"about":[{"href":"https:\/\/wfproduitsnaturels.com\/pt\/wp-json\/wp\/v2\/types\/product"}],"replies":[{"embeddable":true,"href":"https:\/\/wfproduitsnaturels.com\/pt\/wp-json\/wp\/v2\/comments?post=1378"}],"wp:featuredmedia":[{"embeddable":true,"href":"https:\/\/wfproduitsnaturels.com\/pt\/wp-json\/wp\/v2\/media\/1379"}],"wp:attachment":[{"href":"https:\/\/wfproduitsnaturels.com\/pt\/wp-json\/wp\/v2\/media?parent=1378"}],"wp:term":[{"taxonomy":"product_brand","embeddable":true,"href":"https:\/\/wfproduitsnaturels.com\/pt\/wp-json\/wp\/v2\/product_brand?post=1378"},{"taxonomy":"product_cat","embeddable":true,"href":"https:\/\/wfproduitsnaturels.com\/pt\/wp-json\/wp\/v2\/product_cat?post=1378"},{"taxonomy":"product_tag","embeddable":true,"href":"https:\/\/wfproduitsnaturels.com\/pt\/wp-json\/wp\/v2\/product_tag?post=1378"}],"curies":[{"name":"wp","href":"https:\/\/api.w.org\/{rel}","templated":true}]}}