{"id":932,"date":"2023-05-25T18:57:36","date_gmt":"2023-05-25T18:57:36","guid":{"rendered":"https:\/\/wfproduitsnaturels.com\/?post_type=product&#038;p=932"},"modified":"2025-07-01T15:42:31","modified_gmt":"2025-07-01T15:42:31","slug":"antipelliculaire-et-grasse","status":"publish","type":"product","link":"https:\/\/wfproduitsnaturels.com\/en\/product\/antipelliculaire-et-grasse\/","title":{"rendered":"Shampooing Antipelliculaire et Grasse"},"content":{"rendered":"<p>Le shampooing antipelliculaire et anti-cheveux gras est recommand\u00e9 pour les personnes ayant les cheveux gras et\/ou des pellicules. Sa composition permet d&rsquo;\u00e9liminer l&rsquo;exc\u00e8s de s\u00e9bum, de combattre les pellicules et de donner force et brillance aux cheveux. 70gr.<\/p>\n<p>Sob encomenda WhatsApp +352 621 655 882<\/p>","protected":false},"excerpt":{"rendered":"<p>Shampoo composed of vegetable oil of Jojoba, Green Clay, essential oils of Tea Tree, Mint, Lemon and Rice Protein.<\/p>\n<p>Sob encomenda WhatsApp +352 621 655 882<\/p>","protected":false},"featured_media":1345,"comment_status":"open","ping_status":"closed","template":"","meta":{"_monsterinsights_skip_tracking":false,"_monsterinsights_sitenote_active":false,"_monsterinsights_sitenote_note":"","_monsterinsights_sitenote_category":0,"site-sidebar-layout":"default","site-content-layout":"default","ast-site-content-layout":"default","site-content-style":"default","site-sidebar-style":"default","ast-global-header-display":"","ast-banner-title-visibility":"","ast-main-header-display":"","ast-hfb-above-header-display":"","ast-hfb-below-header-display":"","ast-hfb-mobile-header-display":"","site-post-title":"","ast-breadcrumbs-content":"","ast-featured-img":"","footer-sml-layout":"","theme-transparent-header-meta":"default","adv-header-id-meta":"","stick-header-meta":"","header-above-stick-meta":"","header-main-stick-meta":"","header-below-stick-meta":"","astra-migrate-meta-layouts":"set","ast-page-background-enabled":"default","ast-page-background-meta":{"desktop":{"background-color":"var(--ast-global-color-4)","background-image":"","background-repeat":"repeat","background-position":"center center","background-size":"auto","background-attachment":"scroll","background-type":"","background-media":"","overlay-type":"","overlay-color":"","overlay-opacity":"","overlay-gradient":""},"tablet":{"background-color":"","background-image":"","background-repeat":"repeat","background-position":"center center","background-size":"auto","background-attachment":"scroll","background-type":"","background-media":"","overlay-type":"","overlay-color":"","overlay-opacity":"","overlay-gradient":""},"mobile":{"background-color":"","background-image":"","background-repeat":"repeat","background-position":"center center","background-size":"auto","background-attachment":"scroll","background-type":"","background-media":"","overlay-type":"","overlay-color":"","overlay-opacity":"","overlay-gradient":""}},"ast-content-background-meta":{"desktop":{"background-color":"var(--ast-global-color-5)","background-image":"","background-repeat":"repeat","background-position":"center center","background-size":"auto","background-attachment":"scroll","background-type":"","background-media":"","overlay-type":"","overlay-color":"","overlay-opacity":"","overlay-gradient":""},"tablet":{"background-color":"var(--ast-global-color-5)","background-image":"","background-repeat":"repeat","background-position":"center center","background-size":"auto","background-attachment":"scroll","background-type":"","background-media":"","overlay-type":"","overlay-color":"","overlay-opacity":"","overlay-gradient":""},"mobile":{"background-color":"var(--ast-global-color-5)","background-image":"","background-repeat":"repeat","background-position":"center center","background-size":"auto","background-attachment":"scroll","background-type":"","background-media":"","overlay-type":"","overlay-color":"","overlay-opacity":"","overlay-gradient":""}}},"product_brand":[],"product_cat":[21,24],"product_tag":[38,36,39,32,33],"class_list":{"0":"post-932","1":"product","2":"type-product","3":"status-publish","4":"has-post-thumbnail","6":"product_cat-cheveux","7":"product_cat-shampooing-solide","8":"product_tag-antipelliculaire","9":"product_tag-cheveux","10":"product_tag-grasse","11":"product_tag-shampooing","12":"product_tag-solide","13":"desktop-align-center","14":"tablet-align-left","15":"mobile-align-left","17":"first","18":"onbackorder","19":"featured","20":"taxable","21":"shipping-taxable","22":"purchasable","23":"product-type-simple"},"_links":{"self":[{"href":"https:\/\/wfproduitsnaturels.com\/en\/wp-json\/wp\/v2\/product\/932","targetHints":{"allow":["GET"]}}],"collection":[{"href":"https:\/\/wfproduitsnaturels.com\/en\/wp-json\/wp\/v2\/product"}],"about":[{"href":"https:\/\/wfproduitsnaturels.com\/en\/wp-json\/wp\/v2\/types\/product"}],"replies":[{"embeddable":true,"href":"https:\/\/wfproduitsnaturels.com\/en\/wp-json\/wp\/v2\/comments?post=932"}],"wp:featuredmedia":[{"embeddable":true,"href":"https:\/\/wfproduitsnaturels.com\/en\/wp-json\/wp\/v2\/media\/1345"}],"wp:attachment":[{"href":"https:\/\/wfproduitsnaturels.com\/en\/wp-json\/wp\/v2\/media?parent=932"}],"wp:term":[{"taxonomy":"product_brand","embeddable":true,"href":"https:\/\/wfproduitsnaturels.com\/en\/wp-json\/wp\/v2\/product_brand?post=932"},{"taxonomy":"product_cat","embeddable":true,"href":"https:\/\/wfproduitsnaturels.com\/en\/wp-json\/wp\/v2\/product_cat?post=932"},{"taxonomy":"product_tag","embeddable":true,"href":"https:\/\/wfproduitsnaturels.com\/en\/wp-json\/wp\/v2\/product_tag?post=932"}],"curies":[{"name":"wp","href":"https:\/\/api.w.org\/{rel}","templated":true}]}}