{"id":1449,"date":"2025-08-20T04:24:17","date_gmt":"2025-08-20T04:24:17","guid":{"rendered":"https:\/\/wfproduitsnaturels.com\/?page_id=1449"},"modified":"2025-08-20T04:58:16","modified_gmt":"2025-08-20T04:58:16","slug":"politique-de-confidentialite-et-cookies","status":"publish","type":"page","link":"https:\/\/wfproduitsnaturels.com\/en\/politique-de-confidentialite-et-cookies\/","title":{"rendered":"Politique de Confidentialit\u00e9 et Cookies"},"content":{"rendered":"<div data-elementor-type=\"wp-page\" data-elementor-id=\"1449\" class=\"elementor elementor-1449\" data-elementor-post-type=\"page\">\n\t\t\t\t\t\t<section class=\"elementor-section elementor-top-section elementor-element elementor-element-eb99a97 elementor-section-boxed elementor-section-height-default elementor-section-height-default\" data-id=\"eb99a97\" data-element_type=\"section\">\n\t\t\t\t\t\t<div class=\"elementor-container elementor-column-gap-default\">\n\t\t\t\t\t<div class=\"elementor-column elementor-col-100 elementor-top-column elementor-element elementor-element-d5c6ccd\" data-id=\"d5c6ccd\" data-element_type=\"column\">\n\t\t\t<div class=\"elementor-widget-wrap elementor-element-populated\">\n\t\t\t\t\t\t<div class=\"elementor-element elementor-element-9d0a5f4 elementor-widget elementor-widget-heading\" data-id=\"9d0a5f4\" data-element_type=\"widget\" data-widget_type=\"heading.default\">\n\t\t\t\t<div class=\"elementor-widget-container\">\n\t\t\t\t\t<h2 class=\"elementor-heading-title elementor-size-default\">Politique de Confidentialit\u00e9 et Cookies<\/h2>\t\t\t\t<\/div>\n\t\t\t\t<\/div>\n\t\t\t\t<div class=\"elementor-element elementor-element-ca9e050 elementor-widget elementor-widget-heading\" data-id=\"ca9e050\" data-element_type=\"widget\" data-widget_type=\"heading.default\">\n\t\t\t\t<div class=\"elementor-widget-container\">\n\t\t\t\t\t<h2 class=\"elementor-heading-title elementor-size-default\">Champ d\u2019application<\/h2>\t\t\t\t<\/div>\n\t\t\t\t<\/div>\n\t\t\t\t<div class=\"elementor-element elementor-element-1950089 elementor-widget elementor-widget-text-editor\" data-id=\"1950089\" data-element_type=\"widget\" data-widget_type=\"text-editor.default\">\n\t\t\t\t<div class=\"elementor-widget-container\">\n\t\t\t\t\t\t\t\t\t<p data-start=\"89\" data-end=\"480\">WF Produits Naturels respecte et prot\u00e8ge votre vie priv\u00e9e. La pr\u00e9sente Politique de Confidentialit\u00e9 et Cookies d\u00e9crit comment nous collectons, utilisons, conservons et prot\u00e9geons les donn\u00e9es personnelles des visiteurs de notre site internet <a href=\"https:\/\/wfproduitsnaturels.com\/en\/\">https:\/\/wfproduitsnaturels.com\/<\/a>, conform\u00e9ment au R\u00e8glement G\u00e9n\u00e9ral sur la Protection des Donn\u00e9es (RGPD &#8211; UE 2016\/679).<\/p><p data-start=\"482\" data-end=\"615\">Cette politique s\u2019applique uniquement \u00e0 notre site et non aux sites tiers qui peuvent \u00eatre r\u00e9f\u00e9renc\u00e9s ou accessibles via des liens.<\/p>\t\t\t\t\t\t\t\t<\/div>\n\t\t\t\t<\/div>\n\t\t\t\t<div class=\"elementor-element elementor-element-924b708 elementor-widget elementor-widget-heading\" data-id=\"924b708\" data-element_type=\"widget\" data-widget_type=\"heading.default\">\n\t\t\t\t<div class=\"elementor-widget-container\">\n\t\t\t\t\t<h2 class=\"elementor-heading-title elementor-size-default\">Prix et Paiement<\/h2>\t\t\t\t<\/div>\n\t\t\t\t<\/div>\n\t\t\t\t<div class=\"elementor-element elementor-element-471bd39 elementor-widget elementor-widget-text-editor\" data-id=\"471bd39\" data-element_type=\"widget\" data-widget_type=\"text-editor.default\">\n\t\t\t\t<div class=\"elementor-widget-container\">\n\t\t\t\t\t\t\t\t\t<p data-start=\"89\" data-end=\"480\"><strong>WF Produits Naturels<\/strong><br data-start=\"735\" data-end=\"738\" \/><strong>E-mail : <\/strong>info@wfproduitsnaturels.com<br data-start=\"765\" data-end=\"768\" \/><strong>Site web : <\/strong><a href=\"https:\/\/wfproduitsnaturels.com\/en\/\">https:\/\/wfproduitsnaturels.com\/<\/a><\/p>\t\t\t\t\t\t\t\t<\/div>\n\t\t\t\t<\/div>\n\t\t\t\t<div class=\"elementor-element elementor-element-02d961a elementor-widget elementor-widget-heading\" data-id=\"02d961a\" data-element_type=\"widget\" data-widget_type=\"heading.default\">\n\t\t\t\t<div class=\"elementor-widget-container\">\n\t\t\t\t\t<h2 class=\"elementor-heading-title elementor-size-default\">Collecte et Traitement des Donn\u00e9es Personnelles<\/h2>\t\t\t\t<\/div>\n\t\t\t\t<\/div>\n\t\t\t\t<div class=\"elementor-element elementor-element-f8c8cf7 elementor-widget elementor-widget-text-editor\" data-id=\"f8c8cf7\" data-element_type=\"widget\" data-widget_type=\"text-editor.default\">\n\t\t\t\t<div class=\"elementor-widget-container\">\n\t\t\t\t\t\t\t\t\t<p data-start=\"860\" data-end=\"990\">Les donn\u00e9es personnelles peuvent \u00eatre collect\u00e9es par les moyens suivants :<\/p><ul><li data-start=\"994\" data-end=\"1052\">Formulaire de contact : nom, e-mail, t\u00e9l\u00e9phone, message.<\/li><li data-start=\"1055\" data-end=\"1136\">Demandes de devis : informations sur le type de service demand\u00e9 et coordonn\u00e9es.<\/li><li data-start=\"1139\" data-end=\"1280\">Cookies et donn\u00e9es de navigation : adresse IP, type de navigateur, pages visit\u00e9es, localisation approximative, dur\u00e9e de visite sur le site.<\/li><\/ul><p data-start=\"1282\" data-end=\"1323\">Ces donn\u00e9es sont trait\u00e9es sur la base :<\/p><ul><li data-start=\"1327\" data-end=\"1381\">Du consentement explicite de la personne concern\u00e9e ;<\/li><li data-start=\"1384\" data-end=\"1447\">De l\u2019ex\u00e9cution d\u2019un contrat ou de mesures pr\u00e9contractuelles ;<\/li><li data-start=\"1450\" data-end=\"1477\">D\u2019une obligation l\u00e9gale ;<\/li><li data-start=\"1480\" data-end=\"1560\">D\u2019un int\u00e9r\u00eat l\u00e9gitime (ex. : s\u00e9curit\u00e9, am\u00e9lioration du service, statistiques).<\/li><\/ul>\t\t\t\t\t\t\t\t<\/div>\n\t\t\t\t<\/div>\n\t\t\t\t<div class=\"elementor-element elementor-element-577a455 elementor-widget elementor-widget-heading\" data-id=\"577a455\" data-element_type=\"widget\" data-widget_type=\"heading.default\">\n\t\t\t\t<div class=\"elementor-widget-container\">\n\t\t\t\t\t<h2 class=\"elementor-heading-title elementor-size-default\">Finalit\u00e9s du Traitement<\/h2>\t\t\t\t<\/div>\n\t\t\t\t<\/div>\n\t\t\t\t<div class=\"elementor-element elementor-element-08a1674 elementor-widget elementor-widget-text-editor\" data-id=\"08a1674\" data-element_type=\"widget\" data-widget_type=\"text-editor.default\">\n\t\t\t\t<div class=\"elementor-widget-container\">\n\t\t\t\t\t\t\t\t\t<p data-start=\"1562\" data-end=\"1638\">Les donn\u00e9es collect\u00e9es sont utilis\u00e9es pour :<\/p><ul><li data-start=\"1642\" data-end=\"1690\">R\u00e9pondre aux demandes de contact ou de devis ;<\/li><li data-start=\"1693\" data-end=\"1792\">Envoyer des informations sur nos services, promotions ou nouveaut\u00e9s (lorsque cela est autoris\u00e9) ;<\/li><li data-start=\"1795\" data-end=\"1876\">Analyser les statistiques de navigation et am\u00e9liorer l\u2019exp\u00e9rience utilisateur ;<\/li><li data-start=\"1879\" data-end=\"1936\">Se conformer aux obligations l\u00e9gales et r\u00e9glementaires.<\/li><\/ul>\t\t\t\t\t\t\t\t<\/div>\n\t\t\t\t<\/div>\n\t\t\t\t<div class=\"elementor-element elementor-element-b0e673d elementor-widget elementor-widget-heading\" data-id=\"b0e673d\" data-element_type=\"widget\" data-widget_type=\"heading.default\">\n\t\t\t\t<div class=\"elementor-widget-container\">\n\t\t\t\t\t<h2 class=\"elementor-heading-title elementor-size-default\">Conservation des Donn\u00e9es<\/h2>\t\t\t\t<\/div>\n\t\t\t\t<\/div>\n\t\t\t\t<div class=\"elementor-element elementor-element-71f3e59 elementor-widget elementor-widget-text-editor\" data-id=\"71f3e59\" data-element_type=\"widget\" data-widget_type=\"text-editor.default\">\n\t\t\t\t<div class=\"elementor-widget-container\">\n\t\t\t\t\t\t\t\t\t<p data-start=\"1562\" data-end=\"1638\">Les donn\u00e9es personnelles sont conserv\u00e9es uniquement pendant la dur\u00e9e n\u00e9cessaire \u00e0 la r\u00e9alisation des finalit\u00e9s mentionn\u00e9es ou conform\u00e9ment aux exigences l\u00e9gales.<\/p>\t\t\t\t\t\t\t\t<\/div>\n\t\t\t\t<\/div>\n\t\t\t\t<div class=\"elementor-element elementor-element-13a9afa elementor-widget elementor-widget-heading\" data-id=\"13a9afa\" data-element_type=\"widget\" data-widget_type=\"heading.default\">\n\t\t\t\t<div class=\"elementor-widget-container\">\n\t\t\t\t\t<h2 class=\"elementor-heading-title elementor-size-default\">Droits de la Personne Concern\u00e9e<\/h2>\t\t\t\t<\/div>\n\t\t\t\t<\/div>\n\t\t\t\t<div class=\"elementor-element elementor-element-d60dbd6 elementor-widget elementor-widget-text-editor\" data-id=\"d60dbd6\" data-element_type=\"widget\" data-widget_type=\"text-editor.default\">\n\t\t\t\t<div class=\"elementor-widget-container\">\n\t\t\t\t\t\t\t\t\t<p data-start=\"2134\" data-end=\"2231\">Conform\u00e9ment au RGPD, vous disposez des droits suivants :<\/p><ul><li data-start=\"2235\" data-end=\"2273\">Acc\u00e9der \u00e0 vos donn\u00e9es personnelles ;<\/li><li data-start=\"2276\" data-end=\"2334\">Corriger ou mettre \u00e0 jour les informations incorrectes ;<\/li><li data-start=\"2337\" data-end=\"2397\">Demander la suppression de vos donn\u00e9es (droit \u00e0 l\u2019oubli) ;<\/li><li data-start=\"2400\" data-end=\"2456\">Limiter ou vous opposer au traitement de vos donn\u00e9es ;<\/li><li data-start=\"2459\" data-end=\"2503\">Retirer votre consentement \u00e0 tout moment ;<\/li><li data-start=\"2506\" data-end=\"2547\">Demander la portabilit\u00e9 de vos donn\u00e9es.<\/li><\/ul><p data-start=\"2549\" data-end=\"2622\">Pour exercer vos droits, contactez-nous par e-mail : info@wfproduitsnaturels.com<\/p>\t\t\t\t\t\t\t\t<\/div>\n\t\t\t\t<\/div>\n\t\t\t\t<div class=\"elementor-element elementor-element-cf52921 elementor-widget elementor-widget-heading\" data-id=\"cf52921\" data-element_type=\"widget\" data-widget_type=\"heading.default\">\n\t\t\t\t<div class=\"elementor-widget-container\">\n\t\t\t\t\t<h2 class=\"elementor-heading-title elementor-size-default\">S\u00e9curit\u00e9 et Confidentialit\u00e9<\/h2>\t\t\t\t<\/div>\n\t\t\t\t<\/div>\n\t\t\t\t<div class=\"elementor-element elementor-element-cc15eda elementor-widget elementor-widget-text-editor\" data-id=\"cc15eda\" data-element_type=\"widget\" data-widget_type=\"text-editor.default\">\n\t\t\t\t<div class=\"elementor-widget-container\">\n\t\t\t\t\t\t\t\t\t<p data-start=\"2624\" data-end=\"2851\">Nous mettons en place des mesures techniques et organisationnelles appropri\u00e9es pour prot\u00e9ger vos donn\u00e9es personnelles contre tout acc\u00e8s non autoris\u00e9, perte, alt\u00e9ration ou divulgation abusive.<\/p><p data-start=\"2853\" data-end=\"3018\">Cependant, nous rappelons qu\u2019aucune transmission de donn\u00e9es via internet n\u2019est totalement s\u00e9curis\u00e9e. Par cons\u00e9quent, nous ne pouvons garantir une s\u00e9curit\u00e9 absolue.<\/p>\t\t\t\t\t\t\t\t<\/div>\n\t\t\t\t<\/div>\n\t\t\t\t<div class=\"elementor-element elementor-element-c05def5 elementor-widget elementor-widget-heading\" data-id=\"c05def5\" data-element_type=\"widget\" data-widget_type=\"heading.default\">\n\t\t\t\t<div class=\"elementor-widget-container\">\n\t\t\t\t\t<h2 class=\"elementor-heading-title elementor-size-default\">Politique de Cookies<\/h2>\t\t\t\t<\/div>\n\t\t\t\t<\/div>\n\t\t\t\t<div class=\"elementor-element elementor-element-0c40241 elementor-widget elementor-widget-heading\" data-id=\"0c40241\" data-element_type=\"widget\" data-widget_type=\"heading.default\">\n\t\t\t\t<div class=\"elementor-widget-container\">\n\t\t\t\t\t<h2 class=\"elementor-heading-title elementor-size-default\">Qu\u2019est-ce qu\u2019un cookie ?<\/h2>\t\t\t\t<\/div>\n\t\t\t\t<\/div>\n\t\t\t\t<div class=\"elementor-element elementor-element-d9c85e3 elementor-widget elementor-widget-text-editor\" data-id=\"d9c85e3\" data-element_type=\"widget\" data-widget_type=\"text-editor.default\">\n\t\t\t\t<div class=\"elementor-widget-container\">\n\t\t\t\t\t\t\t\t\t<p data-start=\"2624\" data-end=\"2851\">Les cookies sont de petits fichiers stock\u00e9s dans votre navigateur qui permettent d\u2019am\u00e9liorer l\u2019exp\u00e9rience utilisateur, de m\u00e9moriser vos pr\u00e9f\u00e9rences et de collecter des donn\u00e9es statistiques.<\/p>\t\t\t\t\t\t\t\t<\/div>\n\t\t\t\t<\/div>\n\t\t\t\t<div class=\"elementor-element elementor-element-d869834 elementor-widget elementor-widget-heading\" data-id=\"d869834\" data-element_type=\"widget\" data-widget_type=\"heading.default\">\n\t\t\t\t<div class=\"elementor-widget-container\">\n\t\t\t\t\t<h2 class=\"elementor-heading-title elementor-size-default\">Types de cookies utilis\u00e9s :<\/h2>\t\t\t\t<\/div>\n\t\t\t\t<\/div>\n\t\t\t\t<div class=\"elementor-element elementor-element-6b67884 elementor-widget elementor-widget-text-editor\" data-id=\"6b67884\" data-element_type=\"widget\" data-widget_type=\"text-editor.default\">\n\t\t\t\t<div class=\"elementor-widget-container\">\n\t\t\t\t\t\t\t\t\t<ul><li data-start=\"3308\" data-end=\"3362\">Essentiels : n\u00e9cessaires au fonctionnement du site ;<\/li><li data-start=\"3365\" data-end=\"3461\">Analytiques : collectent des donn\u00e9es statistiques sur la navigation (ex. : Google Analytics) ;<\/li><li data-start=\"3464\" data-end=\"3526\">Fonctionnels : m\u00e9morisent les pr\u00e9f\u00e9rences de l\u2019utilisateur ;<\/li><li data-start=\"3529\" data-end=\"3603\">Marketing : utilis\u00e9s pour personnaliser les publicit\u00e9s (le cas \u00e9ch\u00e9ant).<\/li><\/ul>\t\t\t\t\t\t\t\t<\/div>\n\t\t\t\t<\/div>\n\t\t\t\t<div class=\"elementor-element elementor-element-48ed960 elementor-widget elementor-widget-heading\" data-id=\"48ed960\" data-element_type=\"widget\" data-widget_type=\"heading.default\">\n\t\t\t\t<div class=\"elementor-widget-container\">\n\t\t\t\t\t<h2 class=\"elementor-heading-title elementor-size-default\">Consentement<\/h2>\t\t\t\t<\/div>\n\t\t\t\t<\/div>\n\t\t\t\t<div class=\"elementor-element elementor-element-8f159fb elementor-widget elementor-widget-text-editor\" data-id=\"8f159fb\" data-element_type=\"widget\" data-widget_type=\"text-editor.default\">\n\t\t\t\t<div class=\"elementor-widget-container\">\n\t\t\t\t\t\t\t\t\t<p data-start=\"3605\" data-end=\"3745\">Lors de votre premi\u00e8re visite sur notre site, un bandeau d\u2019information sur les cookies appara\u00eetra. Vous pourrez alors :<\/p><ul><li data-start=\"3749\" data-end=\"3778\">Accepter tous les cookies ;<\/li><li data-start=\"3781\" data-end=\"3819\">Refuser les cookies non essentiels ;<\/li><li data-start=\"3822\" data-end=\"3846\">G\u00e9rer vos pr\u00e9f\u00e9rences.<\/li><\/ul><p data-start=\"3848\" data-end=\"3942\">Vous pouvez \u00e9galement g\u00e9rer les cookies directement dans les param\u00e8tres de votre navigateur.<\/p>\t\t\t\t\t\t\t\t<\/div>\n\t\t\t\t<\/div>\n\t\t\t\t<div class=\"elementor-element elementor-element-d029462 elementor-widget elementor-widget-heading\" data-id=\"d029462\" data-element_type=\"widget\" data-widget_type=\"heading.default\">\n\t\t\t\t<div class=\"elementor-widget-container\">\n\t\t\t\t\t<h2 class=\"elementor-heading-title elementor-size-default\">Cookies de Tiers<\/h2>\t\t\t\t<\/div>\n\t\t\t\t<\/div>\n\t\t\t\t<div class=\"elementor-element elementor-element-92a4156 elementor-widget elementor-widget-text-editor\" data-id=\"92a4156\" data-element_type=\"widget\" data-widget_type=\"text-editor.default\">\n\t\t\t\t<div class=\"elementor-widget-container\">\n\t\t\t\t\t\t\t\t\t<p data-start=\"3605\" data-end=\"3745\">Nous pouvons utiliser des services tiers (ex. : Google, Meta\/Facebook, YouTube) susceptibles de d\u00e9poser des cookies sur votre navigateur. Nous vous invitons \u00e0 consulter leurs politiques de confidentialit\u00e9 respectives.<\/p>\t\t\t\t\t\t\t\t<\/div>\n\t\t\t\t<\/div>\n\t\t\t\t<div class=\"elementor-element elementor-element-cba6aa6 elementor-widget elementor-widget-heading\" data-id=\"cba6aa6\" data-element_type=\"widget\" data-widget_type=\"heading.default\">\n\t\t\t\t<div class=\"elementor-widget-container\">\n\t\t\t\t\t<h2 class=\"elementor-heading-title elementor-size-default\">Modifications de cette Politique<\/h2>\t\t\t\t<\/div>\n\t\t\t\t<\/div>\n\t\t\t\t<div class=\"elementor-element elementor-element-7f2c015 elementor-widget elementor-widget-text-editor\" data-id=\"7f2c015\" data-element_type=\"widget\" data-widget_type=\"text-editor.default\">\n\t\t\t\t<div class=\"elementor-widget-container\">\n\t\t\t\t\t\t\t\t\t<p data-start=\"4188\" data-end=\"4426\">Nous nous r\u00e9servons le droit de mettre \u00e0 jour la pr\u00e9sente Politique de Confidentialit\u00e9 et Cookies \u00e0 tout moment. Toute modification sera publi\u00e9e sur cette page avec la date de r\u00e9vision mise \u00e0 jour.<\/p><p data-start=\"4428\" data-end=\"4479\"><strong data-start=\"4428\" data-end=\"4454\">Derni\u00e8re mise \u00e0 jour :<\/strong> Luxembourg, 20\/08\/2025<\/p>\t\t\t\t\t\t\t\t<\/div>\n\t\t\t\t<\/div>\n\t\t\t\t\t<\/div>\n\t\t<\/div>\n\t\t\t\t\t<\/div>\n\t\t<\/section>\n\t\t\t\t<\/div>","protected":false},"excerpt":{"rendered":"<p>Politique de Confidentialit\u00e9 et Cookies Champ d\u2019application WF Produits Naturels respecte et prot\u00e8ge votre vie priv\u00e9e. La pr\u00e9sente Politique de Confidentialit\u00e9 et Cookies d\u00e9crit comment nous collectons, utilisons, conservons et prot\u00e9geons les donn\u00e9es personnelles des visiteurs de notre site internet https:\/\/wfproduitsnaturels.com\/, conform\u00e9ment au R\u00e8glement G\u00e9n\u00e9ral sur la Protection des Donn\u00e9es (RGPD &#8211; UE 2016\/679). Cette [&hellip;]<\/p>","protected":false},"author":2,"featured_media":0,"parent":0,"menu_order":0,"comment_status":"closed","ping_status":"closed","template":"","meta":{"_monsterinsights_skip_tracking":false,"_monsterinsights_sitenote_active":false,"_monsterinsights_sitenote_note":"","_monsterinsights_sitenote_category":0,"site-sidebar-layout":"no-sidebar","site-content-layout":"page-builder","ast-site-content-layout":"full-width-container","site-content-style":"default","site-sidebar-style":"default","ast-global-header-display":"","ast-banner-title-visibility":"","ast-main-header-display":"","ast-hfb-above-header-display":"","ast-hfb-below-header-display":"","ast-hfb-mobile-header-display":"","site-post-title":"disabled","ast-breadcrumbs-content":"","ast-featured-img":"disabled","footer-sml-layout":"","theme-transparent-header-meta":"","adv-header-id-meta":"","stick-header-meta":"","header-above-stick-meta":"","header-main-stick-meta":"","header-below-stick-meta":"","astra-migrate-meta-layouts":"set","ast-page-background-enabled":"default","ast-page-background-meta":{"desktop":{"background-color":"var(--ast-global-color-4)","background-image":"","background-repeat":"repeat","background-position":"center center","background-size":"auto","background-attachment":"scroll","background-type":"","background-media":"","overlay-type":"","overlay-color":"","overlay-opacity":"","overlay-gradient":""},"tablet":{"background-color":"","background-image":"","background-repeat":"repeat","background-position":"center center","background-size":"auto","background-attachment":"scroll","background-type":"","background-media":"","overlay-type":"","overlay-color":"","overlay-opacity":"","overlay-gradient":""},"mobile":{"background-color":"","background-image":"","background-repeat":"repeat","background-position":"center center","background-size":"auto","background-attachment":"scroll","background-type":"","background-media":"","overlay-type":"","overlay-color":"","overlay-opacity":"","overlay-gradient":""}},"ast-content-background-meta":{"desktop":{"background-color":"var(--ast-global-color-5)","background-image":"","background-repeat":"repeat","background-position":"center center","background-size":"auto","background-attachment":"scroll","background-type":"","background-media":"","overlay-type":"","overlay-color":"","overlay-opacity":"","overlay-gradient":""},"tablet":{"background-color":"var(--ast-global-color-5)","background-image":"","background-repeat":"repeat","background-position":"center center","background-size":"auto","background-attachment":"scroll","background-type":"","background-media":"","overlay-type":"","overlay-color":"","overlay-opacity":"","overlay-gradient":""},"mobile":{"background-color":"var(--ast-global-color-5)","background-image":"","background-repeat":"repeat","background-position":"center center","background-size":"auto","background-attachment":"scroll","background-type":"","background-media":"","overlay-type":"","overlay-color":"","overlay-opacity":"","overlay-gradient":""}},"footnotes":""},"class_list":["post-1449","page","type-page","status-publish","hentry"],"_links":{"self":[{"href":"https:\/\/wfproduitsnaturels.com\/en\/wp-json\/wp\/v2\/pages\/1449","targetHints":{"allow":["GET"]}}],"collection":[{"href":"https:\/\/wfproduitsnaturels.com\/en\/wp-json\/wp\/v2\/pages"}],"about":[{"href":"https:\/\/wfproduitsnaturels.com\/en\/wp-json\/wp\/v2\/types\/page"}],"author":[{"embeddable":true,"href":"https:\/\/wfproduitsnaturels.com\/en\/wp-json\/wp\/v2\/users\/2"}],"replies":[{"embeddable":true,"href":"https:\/\/wfproduitsnaturels.com\/en\/wp-json\/wp\/v2\/comments?post=1449"}],"version-history":[{"count":22,"href":"https:\/\/wfproduitsnaturels.com\/en\/wp-json\/wp\/v2\/pages\/1449\/revisions"}],"predecessor-version":[{"id":1496,"href":"https:\/\/wfproduitsnaturels.com\/en\/wp-json\/wp\/v2\/pages\/1449\/revisions\/1496"}],"wp:attachment":[{"href":"https:\/\/wfproduitsnaturels.com\/en\/wp-json\/wp\/v2\/media?parent=1449"}],"curies":[{"name":"wp","href":"https:\/\/api.w.org\/{rel}","templated":true}]}}